{"id":324,"date":"2025-02-13T15:57:43","date_gmt":"2025-02-13T15:57:43","guid":{"rendered":"http:\/\/www.centraladministrator.nl\/?page_id=324"},"modified":"2025-02-26T23:46:32","modified_gmt":"2025-02-26T23:46:32","slug":"the-young-fruits","status":"publish","type":"page","link":"https:\/\/www.centraladministrator.nl\/index.php\/the-young-fruits\/","title":{"rendered":"The Young Fruits"},"content":{"rendered":"\n<h2 class=\"wp-block-heading\"><strong>THE YOUNG FRUITS<\/strong><\/h2>\n\n\n\n<p>De hogere landbouwschool, het Prof. H.C. van Hall Instituut, zat in 1990 nog in Groningen. Later verhuisd naar Leeuwarden. Je kon er destijds twee hoofdrichtingen doen: Nederlandse landbouw en milieukunde. Voor zover ik het me kan herinneren studeerden alle leden van de band milieukunde, alhoewel zangeres Petra de dochter was van een varkensboer. Dus niet helemaal duidelijk. Hoe dan ook, er werd een schoolband opgericht. <\/p>\n\n\n\n<p>Er werden voornamelijk pop-rocknummers uit de jaren zeventig en tachtig uitgezocht (covers dus) om te spelen. De individuele leden van de band verschilden echter enorm van muzikale smaak, hetgeen ook tot uitdrukking kwam in de speltechniek. Zo hield bassist Rene eigenlijk meer van hardrock, gitarist Sander meer van soul en funk en ikzelf meer van alternatief spul.<\/p>\n\n\n\n<div class=\"wp-block-columns is-layout-flex wp-container-core-columns-is-layout-1 wp-block-columns-is-layout-flex\">\n<div class=\"wp-block-column is-layout-flow wp-block-column-is-layout-flow\" style=\"flex-basis:66.66%\">\n<p>Ik schat dat Rene, Sander, Maaike en ik enige ervaring hadden met muziek maken (in een band). Drumster Marit speelde eerder in de fanfare en van Petra en Bjorn weet ik het niet.<\/p>\n<\/div>\n\n\n\n<div class=\"wp-block-column is-layout-flow wp-block-column-is-layout-flow\" style=\"flex-basis:33.33%\">\n<figure data-wp-context=\"{&quot;imageId&quot;:&quot;69dfa3015922e&quot;}\" data-wp-interactive=\"core\/image\" class=\"wp-block-image size-large is-resized has-custom-border wp-lightbox-container\"><img decoding=\"async\" data-wp-class--hide=\"state.isContentHidden\" data-wp-class--show=\"state.isContentVisible\" data-wp-init=\"callbacks.setButtonStyles\" data-wp-on-async--click=\"actions.showLightbox\" data-wp-on-async--load=\"callbacks.setButtonStyles\" data-wp-on-async-window--resize=\"callbacks.setButtonStyles\" src=\"https:\/\/www.centraladministrator.nl\/pics\/youngfruitsmarit.jpg\" alt=\"\" style=\"border-width:1px;box-shadow:var(--wp--preset--shadow--natural);width:107px;height:auto\"\/><button\n\t\t\tclass=\"lightbox-trigger\"\n\t\t\ttype=\"button\"\n\t\t\taria-haspopup=\"dialog\"\n\t\t\taria-label=\"Vergroot afbeelding\"\n\t\t\tdata-wp-init=\"callbacks.initTriggerButton\"\n\t\t\tdata-wp-on-async--click=\"actions.showLightbox\"\n\t\t\tdata-wp-style--right=\"state.imageButtonRight\"\n\t\t\tdata-wp-style--top=\"state.imageButtonTop\"\n\t\t>\n\t\t\t<svg xmlns=\"http:\/\/www.w3.org\/2000\/svg\" width=\"12\" height=\"12\" fill=\"none\" viewBox=\"0 0 12 12\">\n\t\t\t\t<path fill=\"#fff\" d=\"M2 0a2 2 0 0 0-2 2v2h1.5V2a.5.5 0 0 1 .5-.5h2V0H2Zm2 10.5H2a.5.5 0 0 1-.5-.5V8H0v2a2 2 0 0 0 2 2h2v-1.5ZM8 12v-1.5h2a.5.5 0 0 0 .5-.5V8H12v2a2 2 0 0 1-2 2H8Zm2-12a2 2 0 0 1 2 2v2h-1.5V2a.5.5 0 0 0-.5-.5H8V0h2Z\" \/>\n\t\t\t<\/svg>\n\t\t<\/button><\/figure>\n<\/div>\n<\/div>\n\n\n\n<p><\/p>\n\n\n\n<div class=\"wp-block-columns is-layout-flex wp-container-core-columns-is-layout-2 wp-block-columns-is-layout-flex\">\n<div class=\"wp-block-column is-layout-flow wp-block-column-is-layout-flow\" style=\"flex-basis:50%\">\n<figure data-wp-context=\"{&quot;imageId&quot;:&quot;69dfa3015f3d9&quot;}\" data-wp-interactive=\"core\/image\" class=\"wp-block-image size-large has-custom-border wp-lightbox-container\"><img decoding=\"async\" data-wp-class--hide=\"state.isContentHidden\" data-wp-class--show=\"state.isContentVisible\" data-wp-init=\"callbacks.setButtonStyles\" data-wp-on-async--click=\"actions.showLightbox\" data-wp-on-async--load=\"callbacks.setButtonStyles\" data-wp-on-async-window--resize=\"callbacks.setButtonStyles\" src=\"https:\/\/www.centraladministrator.nl\/pics\/youngfruitslive01.jpg\" alt=\"\" style=\"border-width:1px;box-shadow:var(--wp--preset--shadow--natural);object-fit:cover\"\/><button\n\t\t\tclass=\"lightbox-trigger\"\n\t\t\ttype=\"button\"\n\t\t\taria-haspopup=\"dialog\"\n\t\t\taria-label=\"Vergroot afbeelding\"\n\t\t\tdata-wp-init=\"callbacks.initTriggerButton\"\n\t\t\tdata-wp-on-async--click=\"actions.showLightbox\"\n\t\t\tdata-wp-style--right=\"state.imageButtonRight\"\n\t\t\tdata-wp-style--top=\"state.imageButtonTop\"\n\t\t>\n\t\t\t<svg xmlns=\"http:\/\/www.w3.org\/2000\/svg\" width=\"12\" height=\"12\" fill=\"none\" viewBox=\"0 0 12 12\">\n\t\t\t\t<path fill=\"#fff\" d=\"M2 0a2 2 0 0 0-2 2v2h1.5V2a.5.5 0 0 1 .5-.5h2V0H2Zm2 10.5H2a.5.5 0 0 1-.5-.5V8H0v2a2 2 0 0 0 2 2h2v-1.5ZM8 12v-1.5h2a.5.5 0 0 0 .5-.5V8H12v2a2 2 0 0 1-2 2H8Zm2-12a2 2 0 0 1 2 2v2h-1.5V2a.5.5 0 0 0-.5-.5H8V0h2Z\" \/>\n\t\t\t<\/svg>\n\t\t<\/button><\/figure>\n<\/div>\n\n\n\n<div class=\"wp-block-column is-layout-flow wp-block-column-is-layout-flow\" style=\"flex-basis:50%\">\n<p>Zanger Bjorn was sowieso een geval apart, want hij was bijna nooit bij de repetities. Dat liet hij aan de rest over. Hij kwam alleen opdagen als er een concert moest worden gegeven. <\/p>\n<\/div>\n<\/div>\n\n\n\n<p>Ik vermoed dat hij simpelweg besloten had om de zanger van de band te worden, zonder democratisch overleg zeg maar, haha. We oefenden op de hooizolder van het van Hall instituut. Omdat we de &#8220;schoolband&#8221; waren, werden we geacht om op de feesten te spelen die door (studenten van) de school werden georganiseerd.<\/p>\n\n\n\n<div style=\"height:60px\" aria-hidden=\"true\" class=\"wp-block-spacer\"><\/div>\n\n\n\n<div class=\"wp-block-columns is-layout-flex wp-container-core-columns-is-layout-3 wp-block-columns-is-layout-flex\">\n<div class=\"wp-block-column is-layout-flow wp-block-column-is-layout-flow\" style=\"flex-basis:66.66%\">\n<p>Zo stonden we al snel in de schoolkantine, zwembad de Papiermolen, Huize Maas en de Oosterpoort. Ik kan me slechts \u00e9\u00e9n optreden herinneren buiten het hele schoolgebeuren, namelijk in caf\u00e9 de Walrus.<\/p>\n<\/div>\n\n\n\n<div class=\"wp-block-column is-layout-flow wp-block-column-is-layout-flow\" style=\"flex-basis:33.33%\">\n<figure data-wp-context=\"{&quot;imageId&quot;:&quot;69dfa3016087b&quot;}\" data-wp-interactive=\"core\/image\" class=\"wp-block-image size-large is-resized has-custom-border wp-lightbox-container\"><img decoding=\"async\" data-wp-class--hide=\"state.isContentHidden\" data-wp-class--show=\"state.isContentVisible\" data-wp-init=\"callbacks.setButtonStyles\" data-wp-on-async--click=\"actions.showLightbox\" data-wp-on-async--load=\"callbacks.setButtonStyles\" data-wp-on-async-window--resize=\"callbacks.setButtonStyles\" src=\"https:\/\/www.centraladministrator.nl\/pics\/youngfruitswalrus.jpg\" alt=\"\" style=\"border-width:1px;box-shadow:var(--wp--preset--shadow--natural);width:101px;height:auto\"\/><button\n\t\t\tclass=\"lightbox-trigger\"\n\t\t\ttype=\"button\"\n\t\t\taria-haspopup=\"dialog\"\n\t\t\taria-label=\"Vergroot afbeelding\"\n\t\t\tdata-wp-init=\"callbacks.initTriggerButton\"\n\t\t\tdata-wp-on-async--click=\"actions.showLightbox\"\n\t\t\tdata-wp-style--right=\"state.imageButtonRight\"\n\t\t\tdata-wp-style--top=\"state.imageButtonTop\"\n\t\t>\n\t\t\t<svg xmlns=\"http:\/\/www.w3.org\/2000\/svg\" width=\"12\" height=\"12\" fill=\"none\" viewBox=\"0 0 12 12\">\n\t\t\t\t<path fill=\"#fff\" d=\"M2 0a2 2 0 0 0-2 2v2h1.5V2a.5.5 0 0 1 .5-.5h2V0H2Zm2 10.5H2a.5.5 0 0 1-.5-.5V8H0v2a2 2 0 0 0 2 2h2v-1.5ZM8 12v-1.5h2a.5.5 0 0 0 .5-.5V8H12v2a2 2 0 0 1-2 2H8Zm2-12a2 2 0 0 1 2 2v2h-1.5V2a.5.5 0 0 0-.5-.5H8V0h2Z\" \/>\n\t\t\t<\/svg>\n\t\t<\/button><\/figure>\n<\/div>\n<\/div>\n\n\n\n<h4 class=\"wp-block-heading\">Bandleden<\/h4>\n\n\n\n<ul class=\"wp-block-list\">\n<li>Petra van den Hengel &#8211; Zang.<\/li>\n\n\n\n<li>Bjorn (achternaam ?) &#8211; Zang.<\/li>\n\n\n\n<li>Maaike van Gorsel &#8211; Saxofoon en dwarsfluit.<\/li>\n\n\n\n<li>Sander Rumahloine &#8211; Lead gitaar.<\/li>\n\n\n\n<li>Rene Buis &#8211; Bas.<\/li>\n\n\n\n<li>Marit Meijer &#8211; Drums.<\/li>\n\n\n\n<li>Michel van Kerkhof &#8211; slaggitaar.<\/li>\n<\/ul>\n\n\n\n<p>Rest volgt binnenkort (230225)<\/p>\n\n\n\n<div style=\"height:500px\" aria-hidden=\"true\" class=\"wp-block-spacer\"><\/div>\n","protected":false},"excerpt":{"rendered":"<p>THE YOUNG FRUITS De hogere landbouwschool, het Prof. H.C. van Hall Instituut, zat in 1990 nog in Groningen. Later verhuisd naar Leeuwarden. Je kon er destijds twee hoofdrichtingen doen: Nederlandse landbouw en milieukunde. Voor zover ik het me kan herinneren studeerden alle leden van de band milieukunde, alhoewel zangeres Petra de dochter was van een [&hellip;]<\/p>\n","protected":false},"author":1,"featured_media":0,"parent":0,"menu_order":6,"comment_status":"closed","ping_status":"closed","template":"page-no-title","meta":{"footnotes":""},"class_list":["post-324","page","type-page","status-publish","hentry"],"_links":{"self":[{"href":"https:\/\/www.centraladministrator.nl\/index.php\/wp-json\/wp\/v2\/pages\/324","targetHints":{"allow":["GET"]}}],"collection":[{"href":"https:\/\/www.centraladministrator.nl\/index.php\/wp-json\/wp\/v2\/pages"}],"about":[{"href":"https:\/\/www.centraladministrator.nl\/index.php\/wp-json\/wp\/v2\/types\/page"}],"author":[{"embeddable":true,"href":"https:\/\/www.centraladministrator.nl\/index.php\/wp-json\/wp\/v2\/users\/1"}],"replies":[{"embeddable":true,"href":"https:\/\/www.centraladministrator.nl\/index.php\/wp-json\/wp\/v2\/comments?post=324"}],"version-history":[{"count":41,"href":"https:\/\/www.centraladministrator.nl\/index.php\/wp-json\/wp\/v2\/pages\/324\/revisions"}],"predecessor-version":[{"id":1467,"href":"https:\/\/www.centraladministrator.nl\/index.php\/wp-json\/wp\/v2\/pages\/324\/revisions\/1467"}],"wp:attachment":[{"href":"https:\/\/www.centraladministrator.nl\/index.php\/wp-json\/wp\/v2\/media?parent=324"}],"curies":[{"name":"wp","href":"https:\/\/api.w.org\/{rel}","templated":true}]}}